{"id":268,"date":"2017-01-20T02:18:39","date_gmt":"2017-01-20T02:18:39","guid":{"rendered":"https:\/\/pcserv.ca\/testimonials\/"},"modified":"2017-02-27T16:44:19","modified_gmt":"2017-02-27T16:44:19","slug":"testimonials","status":"publish","type":"page","link":"https:\/\/pcserv.ca\/fr\/testimonials\/","title":{"rendered":"T\u00e9moignage"},"content":{"rendered":"<p>[et_pb_section admin_label=\u00a0\u00bbSection\u00a0\u00bb fullwidth=\u00a0\u00bbon\u00a0\u00bb specialty=\u00a0\u00bboff\u00a0\u00bb][et_pb_fullwidth_image admin_label=\u00a0\u00bbBanner PC\u00a0\u00bb src=\u00a0\u00bbhttps:\/\/pcserv.ca\/wp-content\/uploads\/2017\/02\/BannerPersonalComputerFRENCH.jpg\u00a0\u00bb alt=\u00a0\u00bbbanner PC\u00a0\u00bb title_text=\u00a0\u00bbbanner PC\u00a0\u00bb show_in_lightbox=\u00a0\u00bboff\u00a0\u00bb url_new_window=\u00a0\u00bboff\u00a0\u00bb use_overlay=\u00a0\u00bboff\u00a0\u00bb animation=\u00a0\u00bboff\u00a0\u00bb use_border_color=\u00a0\u00bboff\u00a0\u00bb border_color=\u00a0\u00bb#ffffff\u00a0\u00bb border_style=\u00a0\u00bbsolid\u00a0\u00bb]<\/p>\n<p>[\/et_pb_fullwidth_image][\/et_pb_section][et_pb_section admin_label=\u00a0\u00bbsection\u00a0\u00bb][et_pb_row admin_label=\u00a0\u00bbRow\u00a0\u00bb][et_pb_column type=\u00a0\u00bb4_4&Prime;][et_pb_post_title admin_label=\u00a0\u00bbTestimonials\u00a0\u00bb title=\u00a0\u00bbon\u00a0\u00bb meta=\u00a0\u00bboff\u00a0\u00bb author=\u00a0\u00bbon\u00a0\u00bb date=\u00a0\u00bbon\u00a0\u00bb categories=\u00a0\u00bbon\u00a0\u00bb comments=\u00a0\u00bbon\u00a0\u00bb featured_image=\u00a0\u00bboff\u00a0\u00bb featured_placement=\u00a0\u00bbbelow\u00a0\u00bb parallax_effect=\u00a0\u00bbon\u00a0\u00bb parallax_method=\u00a0\u00bbon\u00a0\u00bb text_orientation=\u00a0\u00bbleft\u00a0\u00bb text_color=\u00a0\u00bbdark\u00a0\u00bb text_background=\u00a0\u00bboff\u00a0\u00bb text_bg_color=\u00a0\u00bbrgba(255,255,255,0.9)\u00a0\u00bb module_bg_color=\u00a0\u00bbrgba(255,255,255,0)\u00a0\u00bb use_border_color=\u00a0\u00bboff\u00a0\u00bb border_color=\u00a0\u00bb#ffffff\u00a0\u00bb border_style=\u00a0\u00bbsolid\u00a0\u00bb]<\/p>\n<p>[\/et_pb_post_title][\/et_pb_column][\/et_pb_row][et_pb_row admin_label=\u00a0\u00bbrow\u00a0\u00bb][et_pb_column type=\u00a0\u00bb4_4&Prime;][et_pb_accordion admin_label=\u00a0\u00bbAccordion\u00a0\u00bb use_border_color=\u00a0\u00bboff\u00a0\u00bb border_color=\u00a0\u00bb#ffffff\u00a0\u00bb border_style=\u00a0\u00bbsolid\u00a0\u00bb]<\/p>\n<p>[et_pb_accordion_item title=\u00a0\u00bbPhoenix House For Youth\u00a0\u00bb]<\/p>\n<p><span style=\"font-size 8px; font-weight: bold; font-style: italic;\">(Traduction libre)<\/span><br \/>\nCela fait maintenant plus que 15 ans que je connais Roger Lacelle. Nous avons fait appel \u00e0 PC Serv chez Phoenix House For Youth pour tous nos logiciels informatiques et nos besoins de pieces \u00e9galement.<\/p>\n<p>Roger&nbsp;prend une approche personnelle pour ses services, permettant&nbsp;\u00e0 notre&nbsp;personnel de&nbsp;bien comprendre la base du \u00ab\u00a0langage informatique\u00a0\u00bb jusqu&rsquo;aux termes&nbsp;plus technologiques lorsque n\u00e9cessaire. Roger comprend l&rsquo;importance, chez Phoenix, d&rsquo;avoir des ordinateurs fonctionnels. Il r\u00e9pond \u00e0 nos besoins rapidement et pr\u00e9voit des&nbsp;entretiens pour tous nos&nbsp;appareils.<\/p>\n<p>J&rsquo;ai, sans aucune h\u00e9sitation, recommand\u00e9 Roger aux autres. Ceux-ci ont tous \u00e9t\u00e9 tr\u00e8s satisfaits de PC Serv.<\/p>\n<p>Nous continuerons de faire appel \u00e0&nbsp;Personal Computer Services pour tous nos besoins informatiques chez Phoenix House For Youth.<\/p>\n<p>Cordialement,<\/p>\n<p>James McDonald,<br \/>\nDirecteur ex\u00e9cutif<\/p>\n<p>[\/et_pb_accordion_item][et_pb_accordion_item title=\u00a0\u00bbSerge et Suzanne Poirier\u00a0\u00bb]<\/p>\n<p><span style=\"font-size 8px; font-weight: bold; font-style: italic;\">(Traduction libre)<\/span><br \/>\n\u201cNous faisons&nbsp;appel \u00e0 Personal Computer Services \u00e0 notre domicile&nbsp;depuis maintenant plus de dix ans. Roger fournit un service rapide et honn\u00eate.&nbsp;Il travaille&nbsp;efficacement et ses prix sont imbattables. Nous avons recommand\u00e9 ses services aux autres, qui ont&nbsp;aussi \u00e9t\u00e9 satisfaits.\u201d<\/p>\n<p>Serge et Suzanne Poirier<\/p>\n<p>[\/et_pb_accordion_item][et_pb_accordion_item title=\u00a0\u00bbTom Hazle\u00a0\u00bb]<\/p>\n<p><span style=\"font-size 8px; font-weight: bold; font-style: italic;\">(Traduction libre)<\/span><br \/>\n\u00ab\u00a0Je fais appel aux&nbsp;services de&nbsp;Personal Computer Services&nbsp;depuis 2004. Leur niveau de service \u00e0 la client\u00e8le a toujours \u00e9t\u00e9 incroyable. Le travail de PC Serv est extr\u00eamement fiable et digne de confiance. Leur&nbsp;travail&nbsp;leur tient \u00e0 coeur\u00a0\u00bb<\/p>\n<p>Tom Hazle<\/p>\n<p>[\/et_pb_accordion_item][et_pb_accordion_item title=\u00a0\u00bbPaul Cuerrier Insulation\u00a0\u00bb]<\/p>\n<p><span style=\"font-size 8px; font-weight: bold; font-style: italic;\">(Traduction libre)<\/span><br \/>\nNotre exp\u00e9rience avec Roger Lacelle a \u00e9t\u00e9 tr\u00e8s positive.<\/p>\n<p>Il est tr\u00e8s rapide, est facile \u00e0 rejoindre, est toujours disponible, m\u00eame&nbsp;pour les plus petits probl\u00e8mes.<br \/>\nIl est honn\u00eate et fiable et ils&nbsp;nous rappelle&nbsp;afin de v\u00e9rifier si tout fonctionne bien. De plus, son tarif est&nbsp;tr\u00e8s raisonnable.<\/p>\n<p>Merci Roger<\/p>\n<p>Ga\u00e9tan Cuerrier<br \/>\nPr\u00e9sident\/CEO &amp;&nbsp;Propri\u00e9taire<br \/>\nPC PAUL CUERRIER INSULATION<br \/>\n<a href=\"https:\/\/www.pcinsulation.com\" target=\"_blank\">www.pcinsulation.com<\/a><br \/>\nEmail: <a href=\"mailto:gaetan@pcinsulation.com\">gaetan@pcinsulation.com<\/a><br \/>\ncell: 613-229-4553<br \/>\noffice: 613-487-2229<\/p>\n<p>[\/et_pb_accordion_item][et_pb_accordion_item title=\u00a0\u00bbDavid M. Halton\u00a0\u00bb]<\/p>\n<p><span style=\"font-size 8px; font-weight: bold; font-style: italic;\">(Traduction libre)<\/span><br \/>\nJ&rsquo;ai utilis\u00e9 les services de Personal Computer Services durant plusieurs ann\u00e9es. Roger Lacelle&nbsp;r\u00e9pond toujours rapidement \u00e0 nos besoins urgents, r\u00e9sous les probl\u00e8mes de PC efficacement, et&nbsp;tout cela \u00e0&nbsp;bas prix. Je n&rsquo;h\u00e9site pas \u00e0 le recommander.<\/p>\n<p>David M. Halton<br \/>\nGHS&nbsp;Training and Consulting<\/p>\n<p>[\/et_pb_accordion_item]<\/p>\n<p>[\/et_pb_accordion][\/et_pb_column][\/et_pb_row][\/et_pb_section]<\/p>\n","protected":false},"excerpt":{"rendered":"<p>(Traduction libre) Cela fait maintenant plus que 15 ans que je connais Roger Lacelle. Nous avons fait appel \u00e0 PC Serv chez Phoenix House For Youth pour tous nos logiciels informatiques et nos besoins de pieces \u00e9galement. Roger&nbsp;prend une approche personnelle pour ses services, permettant&nbsp;\u00e0 notre&nbsp;personnel de&nbsp;bien comprendre la base du \u00ab\u00a0langage informatique\u00a0\u00bb jusqu&rsquo;aux termes&nbsp;plus [&hellip;]<\/p>\n","protected":false},"author":1,"featured_media":0,"parent":0,"menu_order":0,"comment_status":"closed","ping_status":"closed","template":"","meta":{"_et_pb_use_builder":"on","_et_pb_old_content":"","_et_gb_content_width":"","footnotes":""},"class_list":["post-268","page","type-page","status-publish","hentry"],"_links":{"self":[{"href":"https:\/\/pcserv.ca\/fr\/wp-json\/wp\/v2\/pages\/268","targetHints":{"allow":["GET"]}}],"collection":[{"href":"https:\/\/pcserv.ca\/fr\/wp-json\/wp\/v2\/pages"}],"about":[{"href":"https:\/\/pcserv.ca\/fr\/wp-json\/wp\/v2\/types\/page"}],"author":[{"embeddable":true,"href":"https:\/\/pcserv.ca\/fr\/wp-json\/wp\/v2\/users\/1"}],"replies":[{"embeddable":true,"href":"https:\/\/pcserv.ca\/fr\/wp-json\/wp\/v2\/comments?post=268"}],"version-history":[{"count":5,"href":"https:\/\/pcserv.ca\/fr\/wp-json\/wp\/v2\/pages\/268\/revisions"}],"predecessor-version":[{"id":325,"href":"https:\/\/pcserv.ca\/fr\/wp-json\/wp\/v2\/pages\/268\/revisions\/325"}],"wp:attachment":[{"href":"https:\/\/pcserv.ca\/fr\/wp-json\/wp\/v2\/media?parent=268"}],"curies":[{"name":"wp","href":"https:\/\/api.w.org\/{rel}","templated":true}]}}