{"id":264,"date":"2017-02-17T02:28:01","date_gmt":"2017-02-17T02:28:01","guid":{"rendered":"https:\/\/pcserv.ca\/services\/optimization\/"},"modified":"2017-02-27T16:27:35","modified_gmt":"2017-02-27T16:27:35","slug":"optimization","status":"publish","type":"page","link":"https:\/\/pcserv.ca\/fr\/services\/optimization\/","title":{"rendered":"Optimisation"},"content":{"rendered":"<p>[et_pb_section admin_label=\u00a0\u00bbSection\u00a0\u00bb fullwidth=\u00a0\u00bbon\u00a0\u00bb specialty=\u00a0\u00bboff\u00a0\u00bb][et_pb_fullwidth_image admin_label=\u00a0\u00bbBanner PC\u00a0\u00bb src=\u00a0\u00bbhttps:\/\/pcserv.ca\/wp-content\/uploads\/2017\/02\/BannerPersonalComputerFRENCH.jpg\u00a0\u00bb alt=\u00a0\u00bbbanner PC\u00a0\u00bb title_text=\u00a0\u00bbbanner PC\u00a0\u00bb show_in_lightbox=\u00a0\u00bboff\u00a0\u00bb url_new_window=\u00a0\u00bboff\u00a0\u00bb use_overlay=\u00a0\u00bboff\u00a0\u00bb animation=\u00a0\u00bboff\u00a0\u00bb use_border_color=\u00a0\u00bboff\u00a0\u00bb border_color=\u00a0\u00bb#ffffff\u00a0\u00bb border_style=\u00a0\u00bbsolid\u00a0\u00bb] [\/et_pb_fullwidth_image][\/et_pb_section][et_pb_section admin_label=\u00a0\u00bbsection\u00a0\u00bb][et_pb_row admin_label=\u00a0\u00bbrow\u00a0\u00bb][et_pb_column type=\u00a0\u00bb4_4&Prime;][et_pb_post_title admin_label=\u00a0\u00bbPost Title\u00a0\u00bb title=\u00a0\u00bbon\u00a0\u00bb meta=\u00a0\u00bboff\u00a0\u00bb author=\u00a0\u00bbon\u00a0\u00bb date=\u00a0\u00bbon\u00a0\u00bb categories=\u00a0\u00bbon\u00a0\u00bb comments=\u00a0\u00bbon\u00a0\u00bb featured_image=\u00a0\u00bboff\u00a0\u00bb featured_placement=\u00a0\u00bbbelow\u00a0\u00bb parallax_effect=\u00a0\u00bbon\u00a0\u00bb parallax_method=\u00a0\u00bbon\u00a0\u00bb text_orientation=\u00a0\u00bbleft\u00a0\u00bb text_color=\u00a0\u00bbdark\u00a0\u00bb text_background=\u00a0\u00bboff\u00a0\u00bb text_bg_color=\u00a0\u00bbrgba(255,255,255,0.9)\u00a0\u00bb module_bg_color=\u00a0\u00bbrgba(255,255,255,0)\u00a0\u00bb use_border_color=\u00a0\u00bboff\u00a0\u00bb border_color=\u00a0\u00bb#ffffff\u00a0\u00bb border_style=\u00a0\u00bbsolid\u00a0\u00bb] [\/et_pb_post_title][\/et_pb_column][\/et_pb_row][et_pb_row admin_label=\u00a0\u00bbRow\u00a0\u00bb make_fullwidth=\u00a0\u00bboff\u00a0\u00bb use_custom_width=\u00a0\u00bboff\u00a0\u00bb width_unit=\u00a0\u00bbon\u00a0\u00bb use_custom_gutter=\u00a0\u00bboff\u00a0\u00bb custom_padding=\u00a0\u00bb||0px|\u00a0\u00bb allow_player_pause=\u00a0\u00bboff\u00a0\u00bb parallax=\u00a0\u00bboff\u00a0\u00bb parallax_method=\u00a0\u00bboff\u00a0\u00bb make_equal=\u00a0\u00bboff\u00a0\u00bb parallax_1=\u00a0\u00bboff\u00a0\u00bb parallax_method_1=\u00a0\u00bboff\u00a0\u00bb parallax_2=\u00a0\u00bboff\u00a0\u00bb parallax_method_2=\u00a0\u00bboff\u00a0\u00bb][et_pb_column type=\u00a0\u00bb1_2&Prime;][et_pb_text admin_label=\u00a0\u00bbText\u00a0\u00bb background_layout=\u00a0\u00bblight\u00a0\u00bb text_orientation=\u00a0\u00bbleft\u00a0\u00bb use_border_color=\u00a0\u00bboff\u00a0\u00bb border_color=\u00a0\u00bb#ffffff\u00a0\u00bb border_style=\u00a0\u00bbsolid\u00a0\u00bb custom_padding=\u00a0\u00bb||0px|\u00a0\u00bb]<\/p>\n<p>Les ordinateurs deviennent lents avec le temps. M\u00eame s&rsquo;il \u00e9tait parfait lors de son achat, vous remarquez maintenant que votre ordinateur prend de plus en plus de temps \u00e0 charger et \u00e0 \u00eatre pr\u00eat&#8230;Pourquoi?<\/p>\n<p>Plusieurs \u00e9l\u00e9ments peuvent en \u00eatre la cause.\u00a0Disons simplement que les syst\u00e8mes d&rsquo;exploitation et les programmes offrent davantage d&rsquo;options de nos jours. Les logiciels que vous utilisez ont \u00e9volu\u00e9, mais pas le mat\u00e9riel de votre ordinateur. Les programmes sont plus\u00a0lourds \u00e0 charger et plusieurs d&rsquo;entre eux seront ex\u00e9cut\u00e9s en arri\u00e8re-plan, comme un programme fant\u00f4me dont vous n&rsquo;\u00eates m\u00eame pas au courant.<\/p>\n<p>Ainsi, un programme qui s&rsquo;ex\u00e9cutait correctement auparavant\u00a0ne s&rsquo;ex\u00e9cutera\u00a0plus de la m\u00eame fa\u00e7on \u00e0 pr\u00e9sent.<\/p>\n<p>Aussi, lorsqu&rsquo;un programme est d\u00e9sinstall\u00e9, il laisse des fichiers derri\u00e8re. Ces fichiers monopolisent l&rsquo;espace de votre ordinateur, ralentissant donc\u00a0l&rsquo;appareil.<\/p>\n<p>&nbsp;<\/p>\n<p>[\/et_pb_text][\/et_pb_column][et_pb_column type=\u00a0\u00bb1_2&Prime;][et_pb_image admin_label=\u00a0\u00bbImage meilleure performance\u00a0\u00bb src=\u00a0\u00bbhttps:\/\/pcserv.ca\/wp-content\/uploads\/2017\/02\/optimize-computer-performanceFR.png\u00a0\u00bb title_text=\u00a0\u00bbOptimization performance FR\u00a0\u00bb show_in_lightbox=\u00a0\u00bboff\u00a0\u00bb url_new_window=\u00a0\u00bboff\u00a0\u00bb use_overlay=\u00a0\u00bboff\u00a0\u00bb animation=\u00a0\u00bbright\u00a0\u00bb sticky=\u00a0\u00bboff\u00a0\u00bb align=\u00a0\u00bbleft\u00a0\u00bb force_fullwidth=\u00a0\u00bboff\u00a0\u00bb always_center_on_mobile=\u00a0\u00bbon\u00a0\u00bb use_border_color=\u00a0\u00bboff\u00a0\u00bb border_color=\u00a0\u00bb#ffffff\u00a0\u00bb border_style=\u00a0\u00bbsolid\u00a0\u00bb] [\/et_pb_image][\/et_pb_column][\/et_pb_row][et_pb_row admin_label=\u00a0\u00bbRow\u00a0\u00bb][et_pb_column type=\u00a0\u00bb4_4&Prime;][et_pb_text admin_label=\u00a0\u00bbText\u00a0\u00bb background_layout=\u00a0\u00bblight\u00a0\u00bb text_orientation=\u00a0\u00bbleft\u00a0\u00bb use_border_color=\u00a0\u00bboff\u00a0\u00bb border_color=\u00a0\u00bb#ffffff\u00a0\u00bb border_style=\u00a0\u00bbsolid\u00a0\u00bb custom_padding=\u00a0\u00bb0px|||\u00a0\u00bb]<\/p>\n<p>C&rsquo;est \u00e0 ce moment que l&rsquo;optimisation doit \u00eatre consid\u00e9r\u00e9e. <span id=\"result_box\" lang=\"fr\" tabindex=\"-1\">PC Serv examinera votre PC ou ordinateur portable et recherchera des opportunit\u00e9s d&rsquo;optimisation. Certaines peuvent \u00eatre simples, comme\u00a0supprimer de vieux fichiers ou programmes de votre PC, alors que d&rsquo;autres peuvent consister de remplacer une pi\u00e8ce de votre PC.<\/span><\/p>\n<p>Peu importe les recommandations, PC Serv\u00a0aura toujours votre int\u00e9r\u00eat \u00e0 c\u0153ur, que ce soit d&rsquo;investir dans l&rsquo;optimisation, une mise \u00e0 niveau, ou les deux. PC Serv vous fera des recommandations par rapport \u00e0 votre contexte d&rsquo;utilisation de votre PC. Si vous avez une entreprise \u00e0 domicile, la recommandation sera sans doute diff\u00e9rente de celle\u00a0de quelqu&rsquo;un\u00a0pour qui l&rsquo;ordinateur sert\u00a0\u00e0\u00a0v\u00e9rifier ses courriels et \u00e0 faire sa comptabilit\u00e9.<\/p>\n<p>[\/et_pb_text][\/et_pb_column][\/et_pb_row][\/et_pb_section]<\/p>\n","protected":false},"excerpt":{"rendered":"<p>Les ordinateurs deviennent lents avec le temps. M\u00eame s&rsquo;il \u00e9tait parfait lors de son achat, vous remarquez maintenant que votre ordinateur prend de plus en plus de temps \u00e0 charger et \u00e0 \u00eatre pr\u00eat&#8230;Pourquoi? Plusieurs \u00e9l\u00e9ments peuvent en \u00eatre la cause.\u00a0Disons simplement que les syst\u00e8mes d&rsquo;exploitation et les programmes offrent davantage d&rsquo;options de nos jours. [&hellip;]<\/p>\n","protected":false},"author":1,"featured_media":0,"parent":249,"menu_order":0,"comment_status":"closed","ping_status":"closed","template":"","meta":{"_et_pb_use_builder":"on","_et_pb_old_content":"","_et_gb_content_width":"","footnotes":""},"class_list":["post-264","page","type-page","status-publish","hentry"],"_links":{"self":[{"href":"https:\/\/pcserv.ca\/fr\/wp-json\/wp\/v2\/pages\/264","targetHints":{"allow":["GET"]}}],"collection":[{"href":"https:\/\/pcserv.ca\/fr\/wp-json\/wp\/v2\/pages"}],"about":[{"href":"https:\/\/pcserv.ca\/fr\/wp-json\/wp\/v2\/types\/page"}],"author":[{"embeddable":true,"href":"https:\/\/pcserv.ca\/fr\/wp-json\/wp\/v2\/users\/1"}],"replies":[{"embeddable":true,"href":"https:\/\/pcserv.ca\/fr\/wp-json\/wp\/v2\/comments?post=264"}],"version-history":[{"count":5,"href":"https:\/\/pcserv.ca\/fr\/wp-json\/wp\/v2\/pages\/264\/revisions"}],"predecessor-version":[{"id":320,"href":"https:\/\/pcserv.ca\/fr\/wp-json\/wp\/v2\/pages\/264\/revisions\/320"}],"up":[{"embeddable":true,"href":"https:\/\/pcserv.ca\/fr\/wp-json\/wp\/v2\/pages\/249"}],"wp:attachment":[{"href":"https:\/\/pcserv.ca\/fr\/wp-json\/wp\/v2\/media?parent=264"}],"curies":[{"name":"wp","href":"https:\/\/api.w.org\/{rel}","templated":true}]}}