{"id":260,"date":"2017-02-17T02:30:15","date_gmt":"2017-02-17T02:30:15","guid":{"rendered":"https:\/\/pcserv.ca\/services\/maintenance\/"},"modified":"2017-03-01T21:24:55","modified_gmt":"2017-03-01T21:24:55","slug":"maintenance","status":"publish","type":"page","link":"https:\/\/pcserv.ca\/fr\/services\/maintenance\/","title":{"rendered":"Entretien"},"content":{"rendered":"<p>[et_pb_section admin_label=\u00a0\u00bbSection\u00a0\u00bb fullwidth=\u00a0\u00bbon\u00a0\u00bb specialty=\u00a0\u00bboff\u00a0\u00bb][et_pb_fullwidth_image admin_label=\u00a0\u00bbBanner PC\u00a0\u00bb src=\u00a0\u00bbhttps:\/\/pcserv.ca\/wp-content\/uploads\/2017\/02\/BannerPersonalComputerFRENCH.jpg\u00a0\u00bb alt=\u00a0\u00bbbanner PC\u00a0\u00bb title_text=\u00a0\u00bbbanner PC\u00a0\u00bb show_in_lightbox=\u00a0\u00bboff\u00a0\u00bb url_new_window=\u00a0\u00bboff\u00a0\u00bb use_overlay=\u00a0\u00bboff\u00a0\u00bb animation=\u00a0\u00bboff\u00a0\u00bb use_border_color=\u00a0\u00bboff\u00a0\u00bb border_color=\u00a0\u00bb#ffffff\u00a0\u00bb border_style=\u00a0\u00bbsolid\u00a0\u00bb] [\/et_pb_fullwidth_image][\/et_pb_section][et_pb_section admin_label=\u00a0\u00bbsection\u00a0\u00bb][et_pb_row admin_label=\u00a0\u00bbrow\u00a0\u00bb][et_pb_column type=\u00a0\u00bb4_4&Prime;][et_pb_post_title admin_label=\u00a0\u00bbPost Title\u00a0\u00bb title=\u00a0\u00bbon\u00a0\u00bb meta=\u00a0\u00bboff\u00a0\u00bb author=\u00a0\u00bbon\u00a0\u00bb date=\u00a0\u00bbon\u00a0\u00bb categories=\u00a0\u00bbon\u00a0\u00bb comments=\u00a0\u00bbon\u00a0\u00bb featured_image=\u00a0\u00bboff\u00a0\u00bb featured_placement=\u00a0\u00bbbelow\u00a0\u00bb parallax_effect=\u00a0\u00bbon\u00a0\u00bb parallax_method=\u00a0\u00bbon\u00a0\u00bb text_orientation=\u00a0\u00bbleft\u00a0\u00bb text_color=\u00a0\u00bbdark\u00a0\u00bb text_background=\u00a0\u00bboff\u00a0\u00bb text_bg_color=\u00a0\u00bbrgba(255,255,255,0.9)\u00a0\u00bb module_bg_color=\u00a0\u00bbrgba(255,255,255,0)\u00a0\u00bb use_border_color=\u00a0\u00bboff\u00a0\u00bb border_color=\u00a0\u00bb#ffffff\u00a0\u00bb border_style=\u00a0\u00bbsolid\u00a0\u00bb] [\/et_pb_post_title][\/et_pb_column][\/et_pb_row][et_pb_row admin_label=\u00a0\u00bbRow\u00a0\u00bb][et_pb_column type=\u00a0\u00bb1_2&Prime;][et_pb_text admin_label=\u00a0\u00bbText\u00a0\u00bb background_layout=\u00a0\u00bblight\u00a0\u00bb text_orientation=\u00a0\u00bbleft\u00a0\u00bb use_border_color=\u00a0\u00bboff\u00a0\u00bb border_color=\u00a0\u00bb#ffffff\u00a0\u00bb border_style=\u00a0\u00bbsolid\u00a0\u00bb]<\/p>\n<h2>Apprendre de ses erreurs&#8230;<\/h2>\n<p>La plupart des gens attendent trop avant d&rsquo;agir. Un exemple commun: votre ordinateur est infect\u00e9 par\u00a0un virus. Vous n&rsquo;aviez pas d&rsquo;Anti-Virus install\u00e9&#8230;Que faites-vous?<\/p>\n<p>Voici un autre exemple: Un disque dur \u00e9chhou\u00e9, mais pas de sauvegarde&#8230;Comment allez-vous tout r\u00e9cup\u00e9rer?<\/p>\n<p>Ces situations sont malheureusement tr\u00e8s communes.\u00a0Mais pourquoi? Les clients ignorent ces faits ou ont \u00e9t\u00e9 mal inform\u00e9s lors de l&rsquo;achat de leur ordinateur. Parfois, ils re\u00e7oivent les bons conseils, mais ne savent pas comment les mettre en pratique.<\/p>\n<p>Chez PC Serv, nous vous fournirons non seulement de bons conseils, mais nous installerons aussi les logiciels dont vous avez besoin (anti-virus et sauvegarde) afin de vous \u00e9viter des situations comme celles mentionn\u00e9es plus haut.<\/p>\n<p>Nous nous assurerons que votre PC fonctionne comme il le devrait:\u00a0\u00e0 votre\u00a0satisfaction!<\/p>\n<p>[\/et_pb_text][\/et_pb_column][et_pb_column type=\u00a0\u00bb1_2&Prime;][et_pb_image admin_label=\u00a0\u00bbImage\u00a0\u00bb src=\u00a0\u00bbhttps:\/\/pcserv.ca\/wp-content\/uploads\/2017\/02\/Repait-maintenance-computer.jpg\u00a0\u00bb title_text=\u00a0\u00bbrepair maintenance\u00a0\u00bb show_in_lightbox=\u00a0\u00bboff\u00a0\u00bb url_new_window=\u00a0\u00bboff\u00a0\u00bb use_overlay=\u00a0\u00bboff\u00a0\u00bb animation=\u00a0\u00bbright\u00a0\u00bb sticky=\u00a0\u00bboff\u00a0\u00bb align=\u00a0\u00bbleft\u00a0\u00bb force_fullwidth=\u00a0\u00bboff\u00a0\u00bb always_center_on_mobile=\u00a0\u00bbon\u00a0\u00bb use_border_color=\u00a0\u00bboff\u00a0\u00bb border_color=\u00a0\u00bb#ffffff\u00a0\u00bb border_style=\u00a0\u00bbsolid\u00a0\u00bb] [\/et_pb_image][\/et_pb_column][\/et_pb_row][\/et_pb_section]<\/p>\n","protected":false},"excerpt":{"rendered":"<p>Apprendre de ses erreurs&#8230; La plupart des gens attendent trop avant d&rsquo;agir. Un exemple commun: votre ordinateur est infect\u00e9 par\u00a0un virus. Vous n&rsquo;aviez pas d&rsquo;Anti-Virus install\u00e9&#8230;Que faites-vous? Voici un autre exemple: Un disque dur \u00e9chhou\u00e9, mais pas de sauvegarde&#8230;Comment allez-vous tout r\u00e9cup\u00e9rer? Ces situations sont malheureusement tr\u00e8s communes.\u00a0Mais pourquoi? Les clients ignorent ces faits ou [&hellip;]<\/p>\n","protected":false},"author":1,"featured_media":0,"parent":249,"menu_order":0,"comment_status":"closed","ping_status":"closed","template":"","meta":{"_et_pb_use_builder":"on","_et_pb_old_content":"","_et_gb_content_width":"","footnotes":""},"class_list":["post-260","page","type-page","status-publish","hentry"],"_links":{"self":[{"href":"https:\/\/pcserv.ca\/fr\/wp-json\/wp\/v2\/pages\/260","targetHints":{"allow":["GET"]}}],"collection":[{"href":"https:\/\/pcserv.ca\/fr\/wp-json\/wp\/v2\/pages"}],"about":[{"href":"https:\/\/pcserv.ca\/fr\/wp-json\/wp\/v2\/types\/page"}],"author":[{"embeddable":true,"href":"https:\/\/pcserv.ca\/fr\/wp-json\/wp\/v2\/users\/1"}],"replies":[{"embeddable":true,"href":"https:\/\/pcserv.ca\/fr\/wp-json\/wp\/v2\/comments?post=260"}],"version-history":[{"count":5,"href":"https:\/\/pcserv.ca\/fr\/wp-json\/wp\/v2\/pages\/260\/revisions"}],"predecessor-version":[{"id":336,"href":"https:\/\/pcserv.ca\/fr\/wp-json\/wp\/v2\/pages\/260\/revisions\/336"}],"up":[{"embeddable":true,"href":"https:\/\/pcserv.ca\/fr\/wp-json\/wp\/v2\/pages\/249"}],"wp:attachment":[{"href":"https:\/\/pcserv.ca\/fr\/wp-json\/wp\/v2\/media?parent=260"}],"curies":[{"name":"wp","href":"https:\/\/api.w.org\/{rel}","templated":true}]}}