{"id":252,"date":"2017-02-17T02:26:57","date_gmt":"2017-02-17T02:26:57","guid":{"rendered":"https:\/\/pcserv.ca\/services\/computer-sales\/"},"modified":"2017-02-27T16:20:25","modified_gmt":"2017-02-27T16:20:25","slug":"computer-sales","status":"publish","type":"page","link":"https:\/\/pcserv.ca\/fr\/services\/computer-sales\/","title":{"rendered":"Vente de PC"},"content":{"rendered":"<p>[et_pb_section admin_label=\u00a0\u00bbSection\u00a0\u00bb fullwidth=\u00a0\u00bbon\u00a0\u00bb specialty=\u00a0\u00bboff\u00a0\u00bb][et_pb_fullwidth_image admin_label=\u00a0\u00bbBanner PC\u00a0\u00bb src=\u00a0\u00bbhttps:\/\/pcserv.ca\/wp-content\/uploads\/2017\/02\/BannerPersonalComputerFRENCH.jpg\u00a0\u00bb alt=\u00a0\u00bbbanner PC\u00a0\u00bb title_text=\u00a0\u00bbbanner PC\u00a0\u00bb show_in_lightbox=\u00a0\u00bboff\u00a0\u00bb url_new_window=\u00a0\u00bboff\u00a0\u00bb use_overlay=\u00a0\u00bboff\u00a0\u00bb animation=\u00a0\u00bboff\u00a0\u00bb use_border_color=\u00a0\u00bboff\u00a0\u00bb border_color=\u00a0\u00bb#ffffff\u00a0\u00bb border_style=\u00a0\u00bbsolid\u00a0\u00bb] [\/et_pb_fullwidth_image][\/et_pb_section][et_pb_section admin_label=\u00a0\u00bbsection\u00a0\u00bb][et_pb_row admin_label=\u00a0\u00bbrow\u00a0\u00bb][et_pb_column type=\u00a0\u00bb4_4&Prime;][et_pb_post_title admin_label=\u00a0\u00bbPost Title\u00a0\u00bb title=\u00a0\u00bbon\u00a0\u00bb meta=\u00a0\u00bboff\u00a0\u00bb author=\u00a0\u00bbon\u00a0\u00bb date=\u00a0\u00bbon\u00a0\u00bb categories=\u00a0\u00bbon\u00a0\u00bb comments=\u00a0\u00bbon\u00a0\u00bb featured_image=\u00a0\u00bboff\u00a0\u00bb featured_placement=\u00a0\u00bbbelow\u00a0\u00bb parallax_effect=\u00a0\u00bbon\u00a0\u00bb parallax_method=\u00a0\u00bbon\u00a0\u00bb text_orientation=\u00a0\u00bbleft\u00a0\u00bb text_color=\u00a0\u00bbdark\u00a0\u00bb text_background=\u00a0\u00bboff\u00a0\u00bb text_bg_color=\u00a0\u00bbrgba(255,255,255,0.9)\u00a0\u00bb module_bg_color=\u00a0\u00bbrgba(255,255,255,0)\u00a0\u00bb use_border_color=\u00a0\u00bboff\u00a0\u00bb border_color=\u00a0\u00bb#ffffff\u00a0\u00bb border_style=\u00a0\u00bbsolid\u00a0\u00bb] [\/et_pb_post_title][\/et_pb_column][\/et_pb_row][et_pb_row admin_label=\u00a0\u00bbRow\u00a0\u00bb][et_pb_column type=\u00a0\u00bb2_3&Prime;][et_pb_text admin_label=\u00a0\u00bbText\u00a0\u00bb background_layout=\u00a0\u00bblight\u00a0\u00bb text_orientation=\u00a0\u00bbleft\u00a0\u00bb use_border_color=\u00a0\u00bboff\u00a0\u00bb border_color=\u00a0\u00bb#ffffff\u00a0\u00bb border_style=\u00a0\u00bbsolid\u00a0\u00bb]<\/p>\n<p>Pourquoi acheter un ordinateur chez Personal Computer Service?<\/p>\n<p>Vous avez besoin d&rsquo;un ordinateur? Personal Computer Services vend des ordinateurs de bureau ainsi que des portables neufs, personnalis\u00e9s et remis \u00e0 neuf.<\/p>\n<p>Pourquoi acheter un ordinateur chez Personal Computer Service au lieu de visiter\u00a0un\u00a0magasin d&rsquo;\u00e9lectroniques?<\/p>\n<p>C&rsquo;est simple;\u00a0Personal Computer Service prendra le\u00a0temps\u00a0d&rsquo;\u00e9valuer vos besoins et vos intentions d&rsquo;utilisations de\u00a0votre PC. Ceci nous aidera \u00e0 vous recommander un d&rsquo;ordinateur qui vous conviendra, tant dans son model que dans sa configuration.\u00a0Si vo<span id=\"result_box\" lang=\"fr\" tabindex=\"-1\">s besoins justifient un ordinateur qui n&rsquo;existe pas sur le march\u00e9, nous\u00a0en personnaliserons un pour vous, avec le bon mat\u00e9riel et les bons logiciels qui livreront la puissance que vous recherchez.<\/span><\/p>\n<p>La plupart du temps, les grands magasins essaieront de vous vendre des \u00e9l\u00e9ments dont vous n&rsquo;avez pas (n\u00e9cessairement) besoin. Apr\u00e8s tout, leur but ultime est d&rsquo;obtenir un profit maximal lors de la vente d&rsquo;ordinateurs. Pensez \u00e0 la garantie prolong\u00e9e qu&rsquo;ils tenteront de vous vendre.<\/p>\n<p>Chez PC Serv, nous vous fournirons l&rsquo;appareil dont vous avez vraiment besoin et au\u00a0bon prix: ni\u00a0plus, ni moins.<\/p>\n<p>Nous configurerons votre ordinateur avec tous les logiciels, le mat\u00e9riel et la s\u00e9curit\u00e9 dont vous avez besoin. Tout ce qu&rsquo;il vous reste \u00e0 faire, c&rsquo;est de\u00a0d\u00e9marrer votre PC !!!<\/p>\n<p>[\/et_pb_text][\/et_pb_column][et_pb_column type=\u00a0\u00bb1_3&Prime;][et_pb_image admin_label=\u00a0\u00bbImage\u00a0\u00bb src=\u00a0\u00bbhttps:\/\/pcserv.ca\/wp-content\/uploads\/2017\/02\/computer-buying.jpg\u00a0\u00bb title_text=\u00a0\u00bbpc buying\u00a0\u00bb show_in_lightbox=\u00a0\u00bboff\u00a0\u00bb url_new_window=\u00a0\u00bboff\u00a0\u00bb use_overlay=\u00a0\u00bboff\u00a0\u00bb animation=\u00a0\u00bbright\u00a0\u00bb sticky=\u00a0\u00bboff\u00a0\u00bb align=\u00a0\u00bbcenter\u00a0\u00bb force_fullwidth=\u00a0\u00bboff\u00a0\u00bb always_center_on_mobile=\u00a0\u00bbon\u00a0\u00bb use_border_color=\u00a0\u00bboff\u00a0\u00bb border_color=\u00a0\u00bb#ffffff\u00a0\u00bb border_style=\u00a0\u00bbsolid\u00a0\u00bb] [\/et_pb_image][\/et_pb_column][\/et_pb_row][\/et_pb_section]<\/p>\n","protected":false},"excerpt":{"rendered":"<p>Pourquoi acheter un ordinateur chez Personal Computer Service? Vous avez besoin d&rsquo;un ordinateur? Personal Computer Services vend des ordinateurs de bureau ainsi que des portables neufs, personnalis\u00e9s et remis \u00e0 neuf. Pourquoi acheter un ordinateur chez Personal Computer Service au lieu de visiter\u00a0un\u00a0magasin d&rsquo;\u00e9lectroniques? C&rsquo;est simple;\u00a0Personal Computer Service prendra le\u00a0temps\u00a0d&rsquo;\u00e9valuer vos besoins et vos intentions [&hellip;]<\/p>\n","protected":false},"author":1,"featured_media":0,"parent":249,"menu_order":0,"comment_status":"closed","ping_status":"closed","template":"","meta":{"_et_pb_use_builder":"on","_et_pb_old_content":"","_et_gb_content_width":"","footnotes":""},"class_list":["post-252","page","type-page","status-publish","hentry"],"_links":{"self":[{"href":"https:\/\/pcserv.ca\/fr\/wp-json\/wp\/v2\/pages\/252","targetHints":{"allow":["GET"]}}],"collection":[{"href":"https:\/\/pcserv.ca\/fr\/wp-json\/wp\/v2\/pages"}],"about":[{"href":"https:\/\/pcserv.ca\/fr\/wp-json\/wp\/v2\/types\/page"}],"author":[{"embeddable":true,"href":"https:\/\/pcserv.ca\/fr\/wp-json\/wp\/v2\/users\/1"}],"replies":[{"embeddable":true,"href":"https:\/\/pcserv.ca\/fr\/wp-json\/wp\/v2\/comments?post=252"}],"version-history":[{"count":4,"href":"https:\/\/pcserv.ca\/fr\/wp-json\/wp\/v2\/pages\/252\/revisions"}],"predecessor-version":[{"id":317,"href":"https:\/\/pcserv.ca\/fr\/wp-json\/wp\/v2\/pages\/252\/revisions\/317"}],"up":[{"embeddable":true,"href":"https:\/\/pcserv.ca\/fr\/wp-json\/wp\/v2\/pages\/249"}],"wp:attachment":[{"href":"https:\/\/pcserv.ca\/fr\/wp-json\/wp\/v2\/media?parent=252"}],"curies":[{"name":"wp","href":"https:\/\/api.w.org\/{rel}","templated":true}]}}