{"id":249,"date":"2017-01-20T02:20:08","date_gmt":"2017-01-20T02:20:08","guid":{"rendered":"https:\/\/pcserv.ca\/services\/"},"modified":"2017-03-01T21:21:54","modified_gmt":"2017-03-01T21:21:54","slug":"services","status":"publish","type":"page","link":"https:\/\/pcserv.ca\/fr\/services\/","title":{"rendered":"Services"},"content":{"rendered":"<p>[et_pb_section admin_label=\u00a0\u00bbSection\u00a0\u00bb fullwidth=\u00a0\u00bbon\u00a0\u00bb specialty=\u00a0\u00bboff\u00a0\u00bb][et_pb_fullwidth_image admin_label=\u00a0\u00bbBanner PC\u00a0\u00bb src=\u00a0\u00bbhttps:\/\/pcserv.ca\/wp-content\/uploads\/2017\/02\/BannerPersonalComputerFRENCH.jpg\u00a0\u00bb alt=\u00a0\u00bbbanner PC\u00a0\u00bb title_text=\u00a0\u00bbbanner PC\u00a0\u00bb show_in_lightbox=\u00a0\u00bboff\u00a0\u00bb url_new_window=\u00a0\u00bboff\u00a0\u00bb use_overlay=\u00a0\u00bboff\u00a0\u00bb animation=\u00a0\u00bboff\u00a0\u00bb use_border_color=\u00a0\u00bboff\u00a0\u00bb border_color=\u00a0\u00bb#ffffff\u00a0\u00bb border_style=\u00a0\u00bbsolid\u00a0\u00bb] [\/et_pb_fullwidth_image][\/et_pb_section][et_pb_section admin_label=\u00a0\u00bbsection\u00a0\u00bb][et_pb_row admin_label=\u00a0\u00bbrow\u00a0\u00bb][et_pb_column type=\u00a0\u00bb4_4&Prime;][et_pb_post_title admin_label=\u00a0\u00bbServices\u00a0\u00bb title=\u00a0\u00bbon\u00a0\u00bb meta=\u00a0\u00bboff\u00a0\u00bb author=\u00a0\u00bbon\u00a0\u00bb date=\u00a0\u00bbon\u00a0\u00bb categories=\u00a0\u00bbon\u00a0\u00bb comments=\u00a0\u00bbon\u00a0\u00bb featured_image=\u00a0\u00bboff\u00a0\u00bb featured_placement=\u00a0\u00bbbelow\u00a0\u00bb parallax_effect=\u00a0\u00bbon\u00a0\u00bb parallax_method=\u00a0\u00bbon\u00a0\u00bb text_orientation=\u00a0\u00bbleft\u00a0\u00bb text_color=\u00a0\u00bbdark\u00a0\u00bb text_background=\u00a0\u00bboff\u00a0\u00bb text_bg_color=\u00a0\u00bbrgba(255,255,255,0.9)\u00a0\u00bb module_bg_color=\u00a0\u00bbrgba(255,255,255,0)\u00a0\u00bb use_border_color=\u00a0\u00bboff\u00a0\u00bb border_color=\u00a0\u00bb#ffffff\u00a0\u00bb border_style=\u00a0\u00bbsolid\u00a0\u00bb] [\/et_pb_post_title][\/et_pb_column][\/et_pb_row][et_pb_row admin_label=\u00a0\u00bbRow\u00a0\u00bb][et_pb_column type=\u00a0\u00bb1_2&Prime;][et_pb_text admin_label=\u00a0\u00bbText\u00a0\u00bb background_layout=\u00a0\u00bblight\u00a0\u00bb text_orientation=\u00a0\u00bbleft\u00a0\u00bb use_border_color=\u00a0\u00bboff\u00a0\u00bb border_color=\u00a0\u00bb#ffffff\u00a0\u00bb border_style=\u00a0\u00bbsolid\u00a0\u00bb]<\/p>\n<h3>Nous d\u00e9pla\u00e7ons notre bureau chez-vous&#8230;<\/h3>\n<p>Il s&rsquo;agit toujours d&rsquo;un vrai cauchemar lorsque vient le temps de d\u00e9brancher son PC et ses p\u00e9riph\u00e9riques afin de les apporter chez le r\u00e9parateur.\u00a0Ne serait-ce pas merveilleux si quelqu&rsquo;un pouvait se rendre chez-vous o\u00f9 \u00e0 votre endroit de travail afin de r\u00e9parer votre PC?<\/p>\n<h3 style=\"text-align: left;\">Ne cherchez-plus\u00a0! ! !<\/h3>\n<p>Personal Computer Services\u00a0le fait:\u00a0<strong>UN SERVICE SUR PLACE. <\/strong>Nous sommes une entreprise locale qui fournit des services informatiques professionnels sur place, que ce soit chez-vous o\u00f9 \u00e0 votre lieu de travail. Nos techniciens qualifi\u00e9s vous offrirons, sur place, des solutions \u00e0 vos probl\u00e8mes d&rsquo;ordinateur, de r\u00e9seautage\u00a0ou d&rsquo;internet.<\/p>\n<h2 style=\"text-align: left;\">Aucun d\u00e9fi n&rsquo;est trop grand!<\/h2>\n<h2 style=\"text-align: left;\">Aucune t\u00e2che n&rsquo;est trop petite!<\/h2>\n<p>Nous promettons de r\u00e9pondre \u00e0 vos besoins, qu&rsquo;ils soient li\u00e9s \u00e0\u00a0votre entreprise ou \u00e0 vos besoins personnels. Nous pouvons \u00e9galement vous aider \u00e0 configurer vos solutions de r\u00e9seautage.<\/p>\n<p>[\/et_pb_text][et_pb_text admin_label=\u00a0\u00bbText\u00a0\u00bb background_layout=\u00a0\u00bblight\u00a0\u00bb text_orientation=\u00a0\u00bbleft\u00a0\u00bb use_border_color=\u00a0\u00bboff\u00a0\u00bb border_color=\u00a0\u00bb#ffffff\u00a0\u00bb border_style=\u00a0\u00bbsolid\u00a0\u00bb]<\/p>\n<h3>Supression de virus<\/h3>\n<p>Nous supprimerons les virus de votre PC, tout en pr\u00e9servant vos fichiers.<\/p>\n<h3>R\u00e9cup\u00e9ration de donn\u00e9es<\/h3>\n<p>Ne vous inqui\u00e9tez pas si votre disque dur\u00a0vous laisse tomb\u00e9. Nos techniciens fournirons un service de r\u00e9cup\u00e9ration de vos donn\u00e9es. Nous ferons \u00e9galement tout ce qui est\u00a0possible afin de restaurer vos fichiers.<\/p>\n<h3><\/h3>\n<p>[\/et_pb_text][\/et_pb_column][et_pb_column type=\u00a0\u00bb1_2&Prime;][et_pb_text admin_label=\u00a0\u00bbText\u00a0\u00bb background_layout=\u00a0\u00bblight\u00a0\u00bb text_orientation=\u00a0\u00bbleft\u00a0\u00bb use_border_color=\u00a0\u00bboff\u00a0\u00bb border_color=\u00a0\u00bb#ffffff\u00a0\u00bb border_style=\u00a0\u00bbsolid\u00a0\u00bb]<\/p>\n<h3>Probl\u00e8mes communs:<\/h3>\n<ul>\n<li>L&rsquo;ordinateur est lent ou g\u00e8le<\/li>\n<li>L&rsquo;ordinateur ne d\u00e9marre pas<\/li>\n<li>Impossible d&rsquo;acc\u00e9der \u00e0 l&rsquo;Internet ou \u00e0 un courrier \u00e9lectronique<\/li>\n<li>Ordinateur infect\u00e9 par un virus \/ logiciel espion<\/li>\n<li>L&rsquo;ordinateur s&rsquo;arr\u00eate de fa\u00e7on intempestive<\/li>\n<li>Probl\u00e8mes mat\u00e9riels \/ probl\u00e8mes logiciels<\/li>\n<li>Disque dur s&rsquo;est \u00e9cras\u00e9<\/li>\n<li>R\u00e9cup\u00e9ration de donn\u00e9es<\/li>\n<\/ul>\n<h3>R\u00e9paration de mat\u00e9riel informatique<\/h3>\n<p>Les probl\u00e8mes mat\u00e9riels peuvent \u00eatre f\u00e2chants.\u00a0Le mat\u00e9riel de votre ordinateur\u00a0correspond aux \u00e9l\u00e9ments physiques du syst\u00e8me. Ceci inclut les pi\u00e8ces int\u00e9rieures de votre ordinateur\u00a0telles les cartes m\u00e8res, les disques durs et la m\u00e9moire, ainsi que les pi\u00e8ces\u00a0ext\u00e9rieures de votre ordinateur telles que les modems et les imprimantes. Nos experts en r\u00e9paration d&rsquo;ordinateurs sont form\u00e9s pour diagnostiquer rapidement votre probl\u00e8me et, dans la plupart des cas, le r\u00e9parer sur place.<\/p>\n<h3><\/h3>\n<p>[\/et_pb_text][et_pb_text admin_label=\u00a0\u00bbText\u00a0\u00bb background_layout=\u00a0\u00bblight\u00a0\u00bb text_orientation=\u00a0\u00bbleft\u00a0\u00bb use_border_color=\u00a0\u00bboff\u00a0\u00bb border_color=\u00a0\u00bb#ffffff\u00a0\u00bb border_style=\u00a0\u00bbsolid\u00a0\u00bb]<\/p>\n<h3>Vous avez un ordinateur neuf?<\/h3>\n<p>S&rsquo;acheter un nouvel ordinateur peut \u00eatre excitant, mais l&rsquo;installation peut s&rsquo;av\u00e9rer difficile pour plusieurs. Nous\u00a0ferons le tout pour vous, tout en personnalisant votre ordinateur avec vos installations de programmes, votre configuration, votre connexion internet, ainsi que votre connexion\u00a0\u00e0 vos courriels et\u00a0\u00e0 tout autre p\u00e9riph\u00e9rique tels que les\u00a0imprimantes et t\u00e9l\u00e9copieurs. Les fichiers de votre ancien ordinateur peuvent \u00e9galement \u00eatre transf\u00e9r\u00e9s vers votre nouvel appareil. Nous nous assurerons que votre anti-virus et votre pare-feu soient bel et bien fonctionnels.<\/p>\n<p>[\/et_pb_text][\/et_pb_column][\/et_pb_row][\/et_pb_section][et_pb_section admin_label=\u00a0\u00bbSection\u00a0\u00bb fullwidth=\u00a0\u00bbon\u00a0\u00bb specialty=\u00a0\u00bboff\u00a0\u00bb][et_pb_fullwidth_image admin_label=\u00a0\u00bbFullwidth Image\u00a0\u00bb src=\u00a0\u00bbhttps:\/\/pcserv.ca\/wp-content\/uploads\/2017\/01\/hardware.jpg\u00a0\u00bb show_in_lightbox=\u00a0\u00bboff\u00a0\u00bb url_new_window=\u00a0\u00bboff\u00a0\u00bb use_overlay=\u00a0\u00bboff\u00a0\u00bb animation=\u00a0\u00bbleft\u00a0\u00bb use_border_color=\u00a0\u00bboff\u00a0\u00bb border_color=\u00a0\u00bb#ffffff\u00a0\u00bb border_style=\u00a0\u00bbsolid\u00a0\u00bb] [\/et_pb_fullwidth_image][\/et_pb_section]<\/p>\n","protected":false},"excerpt":{"rendered":"<p>Nous d\u00e9pla\u00e7ons notre bureau chez-vous&#8230; Il s&rsquo;agit toujours d&rsquo;un vrai cauchemar lorsque vient le temps de d\u00e9brancher son PC et ses p\u00e9riph\u00e9riques afin de les apporter chez le r\u00e9parateur.\u00a0Ne serait-ce pas merveilleux si quelqu&rsquo;un pouvait se rendre chez-vous o\u00f9 \u00e0 votre endroit de travail afin de r\u00e9parer votre PC? Ne cherchez-plus\u00a0! ! ! Personal Computer [&hellip;]<\/p>\n","protected":false},"author":1,"featured_media":0,"parent":0,"menu_order":0,"comment_status":"closed","ping_status":"closed","template":"","meta":{"_et_pb_use_builder":"on","_et_pb_old_content":"","_et_gb_content_width":"","footnotes":""},"class_list":["post-249","page","type-page","status-publish","hentry"],"_links":{"self":[{"href":"https:\/\/pcserv.ca\/fr\/wp-json\/wp\/v2\/pages\/249","targetHints":{"allow":["GET"]}}],"collection":[{"href":"https:\/\/pcserv.ca\/fr\/wp-json\/wp\/v2\/pages"}],"about":[{"href":"https:\/\/pcserv.ca\/fr\/wp-json\/wp\/v2\/types\/page"}],"author":[{"embeddable":true,"href":"https:\/\/pcserv.ca\/fr\/wp-json\/wp\/v2\/users\/1"}],"replies":[{"embeddable":true,"href":"https:\/\/pcserv.ca\/fr\/wp-json\/wp\/v2\/comments?post=249"}],"version-history":[{"count":5,"href":"https:\/\/pcserv.ca\/fr\/wp-json\/wp\/v2\/pages\/249\/revisions"}],"predecessor-version":[{"id":334,"href":"https:\/\/pcserv.ca\/fr\/wp-json\/wp\/v2\/pages\/249\/revisions\/334"}],"wp:attachment":[{"href":"https:\/\/pcserv.ca\/fr\/wp-json\/wp\/v2\/media?parent=249"}],"curies":[{"name":"wp","href":"https:\/\/api.w.org\/{rel}","templated":true}]}}