{"id":245,"date":"2017-01-20T02:18:03","date_gmt":"2017-01-20T02:18:03","guid":{"rendered":"https:\/\/pcserv.ca\/home\/"},"modified":"2017-02-27T15:35:02","modified_gmt":"2017-02-27T15:35:02","slug":"home","status":"publish","type":"page","link":"https:\/\/pcserv.ca\/fr\/","title":{"rendered":"Accueil"},"content":{"rendered":"<p>[et_pb_section admin_label=\u00a0\u00bbSection\u00a0\u00bb fullwidth=\u00a0\u00bbon\u00a0\u00bb specialty=\u00a0\u00bboff\u00a0\u00bb][et_pb_fullwidth_image admin_label=\u00a0\u00bbBanner PC\u00a0\u00bb src=\u00a0\u00bbhttps:\/\/pcserv.ca\/wp-content\/uploads\/2017\/02\/BannerPersonalComputerFRENCH.jpg\u00a0\u00bb alt=\u00a0\u00bbbanner PC\u00a0\u00bb title_text=\u00a0\u00bbbanner PC\u00a0\u00bb show_in_lightbox=\u00a0\u00bboff\u00a0\u00bb url_new_window=\u00a0\u00bboff\u00a0\u00bb use_overlay=\u00a0\u00bboff\u00a0\u00bb animation=\u00a0\u00bboff\u00a0\u00bb use_border_color=\u00a0\u00bboff\u00a0\u00bb border_color=\u00a0\u00bb#ffffff\u00a0\u00bb border_style=\u00a0\u00bbsolid\u00a0\u00bb] [\/et_pb_fullwidth_image][\/et_pb_section][et_pb_section admin_label=\u00a0\u00bbsection\u00a0\u00bb background_image=\u00a0\u00bbhttps:\/\/pcserv.ca\/wp-content\/uploads\/2017\/01\/greyback.jpg\u00a0\u00bb transparent_background=\u00a0\u00bboff\u00a0\u00bb allow_player_pause=\u00a0\u00bboff\u00a0\u00bb inner_shadow=\u00a0\u00bboff\u00a0\u00bb parallax=\u00a0\u00bboff\u00a0\u00bb parallax_method=\u00a0\u00bboff\u00a0\u00bb make_fullwidth=\u00a0\u00bboff\u00a0\u00bb use_custom_width=\u00a0\u00bboff\u00a0\u00bb width_unit=\u00a0\u00bbon\u00a0\u00bb make_equal=\u00a0\u00bboff\u00a0\u00bb use_custom_gutter=\u00a0\u00bboff\u00a0\u00bb custom_padding=\u00a0\u00bb0px|0px|0px|0px\u00a0\u00bb][et_pb_row admin_label=\u00a0\u00bbRow\u00a0\u00bb][et_pb_column type=\u00a0\u00bb1_4&Prime;][et_pb_image admin_label=\u00a0\u00bbImage Computer Repairs FRENCH\u00a0\u00bb src=\u00a0\u00bbhttps:\/\/pcserv.ca\/wp-content\/uploads\/2017\/01\/Icon-ComputerFR.png\u00a0\u00bb alt=\u00a0\u00bbIcon Computer Repairs FR\u00a0\u00bb title_text=\u00a0\u00bbIcon Computer Repairs FR\u00a0\u00bb show_in_lightbox=\u00a0\u00bboff\u00a0\u00bb url_new_window=\u00a0\u00bboff\u00a0\u00bb use_overlay=\u00a0\u00bboff\u00a0\u00bb animation=\u00a0\u00bbtop\u00a0\u00bb sticky=\u00a0\u00bboff\u00a0\u00bb align=\u00a0\u00bbleft\u00a0\u00bb force_fullwidth=\u00a0\u00bboff\u00a0\u00bb always_center_on_mobile=\u00a0\u00bbon\u00a0\u00bb use_border_color=\u00a0\u00bboff\u00a0\u00bb border_color=\u00a0\u00bb#ffffff\u00a0\u00bb border_style=\u00a0\u00bbsolid\u00a0\u00bb] [\/et_pb_image][\/et_pb_column][et_pb_column type=\u00a0\u00bb1_4&Prime;][et_pb_image admin_label=\u00a0\u00bbsecurity anti viruses french\u00a0\u00bb src=\u00a0\u00bbhttps:\/\/pcserv.ca\/wp-content\/uploads\/2017\/01\/Icon-securityFR.png\u00a0\u00bb alt=\u00a0\u00bbs\u00e9curit\u00e9 et virus\u00a0\u00bb title_text=\u00a0\u00bbs\u00e9curit\u00e9 et virus\u00a0\u00bb show_in_lightbox=\u00a0\u00bboff\u00a0\u00bb url_new_window=\u00a0\u00bboff\u00a0\u00bb use_overlay=\u00a0\u00bboff\u00a0\u00bb animation=\u00a0\u00bbtop\u00a0\u00bb sticky=\u00a0\u00bboff\u00a0\u00bb align=\u00a0\u00bbleft\u00a0\u00bb force_fullwidth=\u00a0\u00bboff\u00a0\u00bb always_center_on_mobile=\u00a0\u00bbon\u00a0\u00bb use_border_color=\u00a0\u00bboff\u00a0\u00bb border_color=\u00a0\u00bb#ffffff\u00a0\u00bb border_style=\u00a0\u00bbsolid\u00a0\u00bb] [\/et_pb_image][\/et_pb_column][et_pb_column type=\u00a0\u00bb1_4&Prime;][et_pb_image admin_label=\u00a0\u00bbImage Networking FRENCH\u00a0\u00bb src=\u00a0\u00bbhttps:\/\/pcserv.ca\/wp-content\/uploads\/2017\/01\/Icon-NetworkingFR.png\u00a0\u00bb alt=\u00a0\u00bbR\u00e9seautage\u00a0\u00bb title_text=\u00a0\u00bbR\u00e9seautage\u00a0\u00bb show_in_lightbox=\u00a0\u00bboff\u00a0\u00bb url_new_window=\u00a0\u00bboff\u00a0\u00bb use_overlay=\u00a0\u00bboff\u00a0\u00bb animation=\u00a0\u00bbtop\u00a0\u00bb sticky=\u00a0\u00bboff\u00a0\u00bb align=\u00a0\u00bbleft\u00a0\u00bb force_fullwidth=\u00a0\u00bboff\u00a0\u00bb always_center_on_mobile=\u00a0\u00bbon\u00a0\u00bb use_border_color=\u00a0\u00bboff\u00a0\u00bb border_color=\u00a0\u00bb#ffffff\u00a0\u00bb border_style=\u00a0\u00bbsolid\u00a0\u00bb] [\/et_pb_image][\/et_pb_column][et_pb_column type=\u00a0\u00bb1_4&Prime;][et_pb_image admin_label=\u00a0\u00bbImage Sales FRENCH\u00a0\u00bb src=\u00a0\u00bbhttps:\/\/pcserv.ca\/wp-content\/uploads\/2017\/01\/Icon-SalesFR.png\u00a0\u00bb alt=\u00a0\u00bbVentes Ordinateurs\u00a0\u00bb title_text=\u00a0\u00bbVentes Ordinateurs\u00a0\u00bb show_in_lightbox=\u00a0\u00bboff\u00a0\u00bb url_new_window=\u00a0\u00bboff\u00a0\u00bb use_overlay=\u00a0\u00bboff\u00a0\u00bb animation=\u00a0\u00bboff\u00a0\u00bb sticky=\u00a0\u00bboff\u00a0\u00bb align=\u00a0\u00bbleft\u00a0\u00bb force_fullwidth=\u00a0\u00bboff\u00a0\u00bb always_center_on_mobile=\u00a0\u00bbon\u00a0\u00bb use_border_color=\u00a0\u00bboff\u00a0\u00bb border_color=\u00a0\u00bb#ffffff\u00a0\u00bb border_style=\u00a0\u00bbsolid\u00a0\u00bb] [\/et_pb_image][\/et_pb_column][\/et_pb_row][\/et_pb_section][et_pb_section admin_label=\u00a0\u00bbSection\u00a0\u00bb fullwidth=\u00a0\u00bboff\u00a0\u00bb specialty=\u00a0\u00bboff\u00a0\u00bb][et_pb_row admin_label=\u00a0\u00bbRow\u00a0\u00bb][et_pb_column type=\u00a0\u00bb4_4&Prime;][et_pb_text admin_label=\u00a0\u00bbText\u00a0\u00bb background_layout=\u00a0\u00bblight\u00a0\u00bb text_orientation=\u00a0\u00bbleft\u00a0\u00bb use_border_color=\u00a0\u00bboff\u00a0\u00bb border_color=\u00a0\u00bb#ffffff\u00a0\u00bb border_style=\u00a0\u00bbsolid\u00a0\u00bb]<\/p>\n<h3><strong>Un service de r\u00e9paration informatique et d&rsquo;aide technique pour les entreprises et pour les particuliers<\/strong><\/h3>\n<p>&nbsp;<\/p>\n<h3>Obtenez un service de r\u00e9paration informatique sur place \u00e0 Ottawa et ses environs.<\/h3>\n<p>&nbsp;<\/p>\n<p>Personal Computer Services\u00a0est une entreprise locale qui fournit une vaste gamme de services de r\u00e9paration informatique sur place pour les entreprises et les particuliers d&rsquo;Ottawa et ses environs. Nous fournissons des services dans les deux langues officielles.<\/p>\n<p>Contactez-nous pour tous les types de r\u00e9paration informatique tels que:<br \/>\n<strong><span id=\"result_box\" lang=\"fr\">&#8211; R\u00e9parations et mises \u00e0 niveau mat\u00e9rielles<br \/>\n<\/span><span id=\"result_box\" lang=\"fr\">&#8211; Suppression des virus<br \/>\n<\/span><span id=\"result_box\" lang=\"fr\">&#8211; Probl\u00e8mes li\u00e9s \u00e0 Internet et au r\u00e9seau<br \/>\n&#8211; Configuration d&rsquo;ordinateur<br \/>\n&#8211; Installations de logiciels<br \/>\n&#8211; R\u00e9cup\u00e9ration et sauvegarde\u00a0de donn\u00e9es<br \/>\n&#8211; Ventes d&rsquo;ordinateurs neufs, remis \u00e0 neuf et bien plus encore<\/span><\/strong><\/p>\n<p>&nbsp;<\/p>\n<h3>Visitez notre page de <a href=\"https:\/\/pcserv.ca\/services\/?lang=fr\">services<\/a> pour en apprendre plus sur ce que nous pouvons faire pour vous!<\/h3>\n<p>[\/et_pb_text][\/et_pb_column][\/et_pb_row][\/et_pb_section][et_pb_section admin_label=\u00a0\u00bbSection\u00a0\u00bb fullwidth=\u00a0\u00bboff\u00a0\u00bb specialty=\u00a0\u00bboff\u00a0\u00bb background_image=\u00a0\u00bbhttps:\/\/pcserv.ca\/wp-content\/uploads\/2017\/01\/greyback.jpg\u00a0\u00bb transparent_background=\u00a0\u00bboff\u00a0\u00bb allow_player_pause=\u00a0\u00bboff\u00a0\u00bb inner_shadow=\u00a0\u00bboff\u00a0\u00bb parallax=\u00a0\u00bboff\u00a0\u00bb parallax_method=\u00a0\u00bboff\u00a0\u00bb make_fullwidth=\u00a0\u00bboff\u00a0\u00bb use_custom_width=\u00a0\u00bboff\u00a0\u00bb width_unit=\u00a0\u00bbon\u00a0\u00bb make_equal=\u00a0\u00bboff\u00a0\u00bb use_custom_gutter=\u00a0\u00bboff\u00a0\u00bb custom_padding=\u00a0\u00bb0px||0px|\u00a0\u00bb][et_pb_row admin_label=\u00a0\u00bbRow\u00a0\u00bb][et_pb_column type=\u00a0\u00bb1_2&Prime;][et_pb_text admin_label=\u00a0\u00bbText\u00a0\u00bb background_layout=\u00a0\u00bbdark\u00a0\u00bb text_orientation=\u00a0\u00bbleft\u00a0\u00bb use_border_color=\u00a0\u00bboff\u00a0\u00bb border_color=\u00a0\u00bb#ffffff\u00a0\u00bb border_style=\u00a0\u00bbsolid\u00a0\u00bb]<\/p>\n<h3 style=\"text-align: right;\"><\/h3>\n<h3 style=\"text-align: right;\"><strong>Personal Computer Services<br \/>\n<\/strong><\/h3>\n<p style=\"text-align: right;\"><em><strong>Nous offrons des services dans les deux langues officielles.<\/strong><\/em><\/p>\n<h3 style=\"text-align: right;\">Roger Lacelle<\/h3>\n<h3 style=\"text-align: right;\">613-222-5905<\/h3>\n<h3 style=\"text-align: right;\"><a href=\"mailto:pcserv@pcserv.ca\">pcserv@pcserv.ca<\/a><\/h3>\n<p>[\/et_pb_text][\/et_pb_column][et_pb_column type=\u00a0\u00bb1_2&Prime;][et_pb_image admin_label=\u00a0\u00bbPhoto Roger\u00a0\u00bb src=\u00a0\u00bbhttps:\/\/pcserv.ca\/wp-content\/uploads\/2017\/01\/Roger.jpg\u00a0\u00bb show_in_lightbox=\u00a0\u00bboff\u00a0\u00bb url_new_window=\u00a0\u00bboff\u00a0\u00bb use_overlay=\u00a0\u00bboff\u00a0\u00bb animation=\u00a0\u00bbright\u00a0\u00bb sticky=\u00a0\u00bboff\u00a0\u00bb align=\u00a0\u00bbcenter\u00a0\u00bb force_fullwidth=\u00a0\u00bboff\u00a0\u00bb always_center_on_mobile=\u00a0\u00bbon\u00a0\u00bb use_border_color=\u00a0\u00bboff\u00a0\u00bb border_color=\u00a0\u00bb#ffffff\u00a0\u00bb border_style=\u00a0\u00bbsolid\u00a0\u00bb] [\/et_pb_image][\/et_pb_column][\/et_pb_row][\/et_pb_section]<\/p>\n","protected":false},"excerpt":{"rendered":"<p>Un service de r\u00e9paration informatique et d&rsquo;aide technique pour les entreprises et pour les particuliers &nbsp; Obtenez un service de r\u00e9paration informatique sur place \u00e0 Ottawa et ses environs. &nbsp; Personal Computer Services\u00a0est une entreprise locale qui fournit une vaste gamme de services de r\u00e9paration informatique sur place pour les entreprises et les particuliers d&rsquo;Ottawa [&hellip;]<\/p>\n","protected":false},"author":1,"featured_media":0,"parent":0,"menu_order":0,"comment_status":"closed","ping_status":"closed","template":"","meta":{"_et_pb_use_builder":"on","_et_pb_old_content":"","_et_gb_content_width":"","footnotes":""},"class_list":["post-245","page","type-page","status-publish","hentry"],"_links":{"self":[{"href":"https:\/\/pcserv.ca\/fr\/wp-json\/wp\/v2\/pages\/245","targetHints":{"allow":["GET"]}}],"collection":[{"href":"https:\/\/pcserv.ca\/fr\/wp-json\/wp\/v2\/pages"}],"about":[{"href":"https:\/\/pcserv.ca\/fr\/wp-json\/wp\/v2\/types\/page"}],"author":[{"embeddable":true,"href":"https:\/\/pcserv.ca\/fr\/wp-json\/wp\/v2\/users\/1"}],"replies":[{"embeddable":true,"href":"https:\/\/pcserv.ca\/fr\/wp-json\/wp\/v2\/comments?post=245"}],"version-history":[{"count":5,"href":"https:\/\/pcserv.ca\/fr\/wp-json\/wp\/v2\/pages\/245\/revisions"}],"predecessor-version":[{"id":310,"href":"https:\/\/pcserv.ca\/fr\/wp-json\/wp\/v2\/pages\/245\/revisions\/310"}],"wp:attachment":[{"href":"https:\/\/pcserv.ca\/fr\/wp-json\/wp\/v2\/media?parent=245"}],"curies":[{"name":"wp","href":"https:\/\/api.w.org\/{rel}","templated":true}]}}