{"id":234,"date":"2017-02-22T18:40:26","date_gmt":"2017-02-22T18:40:26","guid":{"rendered":"https:\/\/pcserv.ca\/?page_id=234"},"modified":"2017-02-27T16:05:15","modified_gmt":"2017-02-27T16:05:15","slug":"a-notre-sujet","status":"publish","type":"page","link":"https:\/\/pcserv.ca\/fr\/a-notre-sujet\/","title":{"rendered":"\u00c0 notre sujet"},"content":{"rendered":"<p>[et_pb_section admin_label=\u00a0\u00bbSection\u00a0\u00bb fullwidth=\u00a0\u00bbon\u00a0\u00bb specialty=\u00a0\u00bboff\u00a0\u00bb][et_pb_fullwidth_image admin_label=\u00a0\u00bbBanner PC french\u00a0\u00bb src=\u00a0\u00bbhttps:\/\/pcserv.ca\/wp-content\/uploads\/2017\/02\/BannerPersonalComputerFRENCH.jpg\u00a0\u00bb alt=\u00a0\u00bbbanner PC french\u00a0\u00bb title_text=\u00a0\u00bbbanner PC french\u00a0\u00bb show_in_lightbox=\u00a0\u00bboff\u00a0\u00bb url_new_window=\u00a0\u00bboff\u00a0\u00bb use_overlay=\u00a0\u00bboff\u00a0\u00bb animation=\u00a0\u00bboff\u00a0\u00bb use_border_color=\u00a0\u00bboff\u00a0\u00bb border_color=\u00a0\u00bb#ffffff\u00a0\u00bb border_style=\u00a0\u00bbsolid\u00a0\u00bb] [\/et_pb_fullwidth_image][\/et_pb_section][et_pb_section admin_label=\u00a0\u00bbsection\u00a0\u00bb][et_pb_row admin_label=\u00a0\u00bbRow\u00a0\u00bb][et_pb_column type=\u00a0\u00bb4_4&Prime;][et_pb_post_title admin_label=\u00a0\u00bbAbout Us\u00a0\u00bb title=\u00a0\u00bbon\u00a0\u00bb meta=\u00a0\u00bboff\u00a0\u00bb author=\u00a0\u00bbon\u00a0\u00bb date=\u00a0\u00bbon\u00a0\u00bb categories=\u00a0\u00bbon\u00a0\u00bb comments=\u00a0\u00bbon\u00a0\u00bb featured_image=\u00a0\u00bboff\u00a0\u00bb featured_placement=\u00a0\u00bbbelow\u00a0\u00bb parallax_effect=\u00a0\u00bbon\u00a0\u00bb parallax_method=\u00a0\u00bbon\u00a0\u00bb text_orientation=\u00a0\u00bbleft\u00a0\u00bb text_color=\u00a0\u00bbdark\u00a0\u00bb text_background=\u00a0\u00bboff\u00a0\u00bb text_bg_color=\u00a0\u00bbrgba(255,255,255,0.9)\u00a0\u00bb module_bg_color=\u00a0\u00bbrgba(255,255,255,0)\u00a0\u00bb use_border_color=\u00a0\u00bboff\u00a0\u00bb border_color=\u00a0\u00bb#ffffff\u00a0\u00bb border_style=\u00a0\u00bbsolid\u00a0\u00bb] [\/et_pb_post_title][\/et_pb_column][\/et_pb_row][et_pb_row admin_label=\u00a0\u00bbrow\u00a0\u00bb][et_pb_column type=\u00a0\u00bb4_4&Prime;][et_pb_text admin_label=\u00a0\u00bbText\u00a0\u00bb background_layout=\u00a0\u00bblight\u00a0\u00bb text_orientation=\u00a0\u00bbleft\u00a0\u00bb use_border_color=\u00a0\u00bboff\u00a0\u00bb border_color=\u00a0\u00bb#ffffff\u00a0\u00bb border_style=\u00a0\u00bbsolid\u00a0\u00bb]<\/p>\n<p><img loading=\"lazy\" decoding=\"async\" class=\"alignnone size-medium wp-image-93 alignleft\" src=\"https:\/\/pcserv.ca\/wp-content\/uploads\/2017\/01\/Roger-300x220.jpg\" alt=\"Roger Lacelle\" width=\"300\" height=\"220\" srcset=\"https:\/\/pcserv.ca\/wp-content\/uploads\/2017\/01\/Roger-300x220.jpg 300w, https:\/\/pcserv.ca\/wp-content\/uploads\/2017\/01\/Roger.jpg 350w\" sizes=\"(max-width: 300px) 100vw, 300px\" \/>Roger d\u00e9tient plus de 17 ans d&rsquo;exp\u00e9rience. Apr\u00e8s avoir obtenu son dipl\u00f4me du Coll\u00e8ge Algonquin en 2000 en tant que \u00ab\u00a0Computer Support Specialist\u00a0\u00bb, il s&rsquo;est joint \u00e0 l&rsquo;\u00e9quipe de Bell, o\u00f9 il a rapidement\u00a0ma\u00eetris\u00e9\u00a0ses habilet\u00e9s en r\u00e9seautage informatique dans un\u00a0environnement complexe. Cette premi\u00e8re exp\u00e9rience de travail \u00e9tait un bon d\u00e9but, mais elle ne permettait que tr\u00e8s peu de relation avec les clients; une chose tr\u00e8s importante pour Roger.<\/p>\n<p>D\u00e9sirant un environnement\u00a0r\u00e9pondant davantage \u00e0 ses besoins,\u00a0Roger s&rsquo;est joint \u00e0 l&rsquo;\u00e9quipe de Convergys quelques ann\u00e9es plus tard.<\/p>\n<p>Une fois la base\u00a0ma\u00eetris\u00e9e en r\u00e9seautage, en d\u00e9tection d&rsquo;anomalies, en r\u00e9paration informatique et en r\u00e9cup\u00e9ration des donn\u00e9es, Roger en d\u00e9sirait encore plus. Bien que ces exp\u00e9riences de travail avec de grosses compagnies aient \u00e9t\u00e9 enrichissantes, il manquait encore un \u00e9l\u00e9ment cl\u00e9. L&rsquo;environnement informatique, bien qu&rsquo;il soit complexe, \u00e9tait plut\u00f4t\u00a0statique, ne lui offrant plus beaucoup de d\u00e9fis. De plus, l&rsquo;opportunit\u00e9 de communiquer et d&rsquo;interagir directement avec les clients \u00e9tait toujours manquante.<\/p>\n<p>Roger envisagea donc\u00a0de cr\u00e9er sa propre entreprise: Personal Computer Services o\u00f9 il pourra enfin r\u00e9aliser sa vision et offrir un service \u00e0 la client\u00e8le hors pair. Roger\u00a0livre un service rapide\u00a0(24 heures) et de qualit\u00e9, et ce dans les deux langues officielles.<\/p>\n<p>Il a toujours cru que la satisfaction du client est le r\u00e9sultat d&rsquo;un travail efficace et rapide, devenant donc la cl\u00e9 du succ\u00e8s. <strong><em>\u00ab\u00a0Je traite mes clients tout comme je voudrais \u00eatre trait\u00e9\u00a0\u00bb<\/em><\/strong>.<\/p>\n<p>Un expert dynamique en informatique, Roger est avide de r\u00e9parer les probl\u00e8mes informatiques les plus coriaces de ses clients.<\/p>\n<p><a href=\"https:\/\/pcserv.ca\/contact-us\/?lang=fr\"><strong><em>Appelez-le, et vous verrez!<\/em><\/strong><\/a><\/p>\n<p>[\/et_pb_text][\/et_pb_column][\/et_pb_row][\/et_pb_section][et_pb_section admin_label=\u00a0\u00bbSection\u00a0\u00bb fullwidth=\u00a0\u00bbon\u00a0\u00bb specialty=\u00a0\u00bboff\u00a0\u00bb][et_pb_fullwidth_image admin_label=\u00a0\u00bbFullwidth Image\u00a0\u00bb src=\u00a0\u00bbhttps:\/\/pcserv.ca\/wp-content\/uploads\/2017\/01\/dos.jpg\u00a0\u00bb show_in_lightbox=\u00a0\u00bboff\u00a0\u00bb url_new_window=\u00a0\u00bboff\u00a0\u00bb use_overlay=\u00a0\u00bboff\u00a0\u00bb animation=\u00a0\u00bbleft\u00a0\u00bb use_border_color=\u00a0\u00bboff\u00a0\u00bb border_color=\u00a0\u00bb#ffffff\u00a0\u00bb border_style=\u00a0\u00bbsolid\u00a0\u00bb] [\/et_pb_fullwidth_image][\/et_pb_section]<\/p>\n","protected":false},"excerpt":{"rendered":"<p>Roger d\u00e9tient plus de 17 ans d&rsquo;exp\u00e9rience. Apr\u00e8s avoir obtenu son dipl\u00f4me du Coll\u00e8ge Algonquin en 2000 en tant que \u00ab\u00a0Computer Support Specialist\u00a0\u00bb, il s&rsquo;est joint \u00e0 l&rsquo;\u00e9quipe de Bell, o\u00f9 il a rapidement\u00a0ma\u00eetris\u00e9\u00a0ses habilet\u00e9s en r\u00e9seautage informatique dans un\u00a0environnement complexe. Cette premi\u00e8re exp\u00e9rience de travail \u00e9tait un bon d\u00e9but, mais elle ne permettait que [&hellip;]<\/p>\n","protected":false},"author":1,"featured_media":0,"parent":0,"menu_order":0,"comment_status":"closed","ping_status":"closed","template":"","meta":{"_et_pb_use_builder":"on","_et_pb_old_content":"","_et_gb_content_width":"","footnotes":""},"class_list":["post-234","page","type-page","status-publish","hentry"],"_links":{"self":[{"href":"https:\/\/pcserv.ca\/fr\/wp-json\/wp\/v2\/pages\/234","targetHints":{"allow":["GET"]}}],"collection":[{"href":"https:\/\/pcserv.ca\/fr\/wp-json\/wp\/v2\/pages"}],"about":[{"href":"https:\/\/pcserv.ca\/fr\/wp-json\/wp\/v2\/types\/page"}],"author":[{"embeddable":true,"href":"https:\/\/pcserv.ca\/fr\/wp-json\/wp\/v2\/users\/1"}],"replies":[{"embeddable":true,"href":"https:\/\/pcserv.ca\/fr\/wp-json\/wp\/v2\/comments?post=234"}],"version-history":[{"count":5,"href":"https:\/\/pcserv.ca\/fr\/wp-json\/wp\/v2\/pages\/234\/revisions"}],"predecessor-version":[{"id":312,"href":"https:\/\/pcserv.ca\/fr\/wp-json\/wp\/v2\/pages\/234\/revisions\/312"}],"wp:attachment":[{"href":"https:\/\/pcserv.ca\/fr\/wp-json\/wp\/v2\/media?parent=234"}],"curies":[{"name":"wp","href":"https:\/\/api.w.org\/{rel}","templated":true}]}}